{"id":49,"date":"2024-09-11T23:00:15","date_gmt":"2024-09-11T23:00:15","guid":{"rendered":"https:\/\/vacamuertagestion.com.ar\/?page_id=49"},"modified":"2024-09-25T23:40:25","modified_gmt":"2024-09-25T23:40:25","slug":"quienes-somos","status":"publish","type":"page","link":"https:\/\/vacamuertagestion.com.ar\/?page_id=49","title":{"rendered":"Somos el enlace local al mundo"},"content":{"rendered":"\n<div class=\"wp-block-group alignfull has-base-2-background-color has-background has-global-padding is-layout-constrained wp-container-core-group-is-layout-669513ed wp-block-group-is-layout-constrained\" style=\"margin-top:0;margin-bottom:0;padding-top:var(--wp--preset--spacing--50);padding-right:var(--wp--preset--spacing--50);padding-bottom:var(--wp--preset--spacing--50);padding-left:var(--wp--preset--spacing--50)\">\n<div class=\"wp-block-columns alignwide is-layout-flex wp-container-core-columns-is-layout-1da03c2a wp-block-columns-is-layout-flex\">\n<div class=\"wp-block-column is-vertically-aligned-stretch is-layout-flow wp-block-column-is-layout-flow\" style=\"flex-basis:50%\">\n<div class=\"wp-block-group is-vertical is-content-justification-stretch is-layout-flex wp-container-core-group-is-layout-444d5ee8 wp-block-group-is-layout-flex\" style=\"min-height:100%\">\n<p class=\"has-medium-font-size\">Vaca Muerta Gesti\u00f3n es una compa\u00f1\u00eda encabezada por Fabi\u00e1n Ungar. Es coordinador de Proyectos y Gesti\u00f3n de Desarrollo Urbano, con matr\u00edcula de Profesional local, respaldado por un equipo multidisciplinario de arquitectos, ingenieros, Maestro Mayor de Obras, Agrimensores y expertos en diversas \u00e1reas de la construcci\u00f3n.<\/p>\n\n\n\n<p class=\"has-medium-font-size\">Juntos, brindamos un enfoque integral en la supervisi\u00f3n, asesoramiento y coordinaci\u00f3n de proyectos, asegurando un proceso eficiente y exitoso en cada etapa del desarrollo urbano.<\/p>\n\n\n\n<p>Con una trayectoria de 30 a\u00f1os de experiencia en el sector, hemos consolidado un equipo experto en presentaci\u00f3n de planos municipales y gesti\u00f3n de permisos constructivos. Nuestro amplio conocimiento de los c\u00f3digos urbanos de cada localidad de la provincia de Neuqu\u00e9n, especialmente en \u00e1reas como Vaca Muerta, nos permite ofrecer un servicio detallado y especializado que garantiza el cumplimiento de las normativas locales y la viabilidad de cada proyecto.<\/p>\n\n\n\n<p class=\"has-medium-font-size\">A lo largo de nuestra trayectoria, hemos gestionado m\u00e1s de 10 mil presentaciones de planos y permisos y documentaciones en diversas Municipalidades de la provincia de Neuqu\u00e9n.<\/p>\n\n\n\n<p class=\"has-medium-font-size\">Ocupamos el Primer lugar de gestiones de coordinaci\u00f3n y gesti\u00f3n de desarrollo Urbano en la Localidad de A\u00f1elo, capital de Vaca Muerta.<\/p>\n\n\n\n<p class=\"has-medium-font-size\">Tambi\u00e9n venimos realizando gestiones en otras localidades importantes de la provincia, con la Ciudad de Neuquen, Cha\u00f1ar, Centenario, Plottier, San Martin de los Andes, Villa La Angostura y Cavihaue.<\/p>\n\n\n\n<p class=\"has-medium-font-size\">Esto nos ha permitido adquirir un profundo conocimiento de las normativas y necesidades locales, garantizando un enfoque personalizado en cada proyecto.<br><\/p>\n<\/div>\n<\/div>\n\n\n\n<div class=\"wp-block-column is-vertically-aligned-center is-layout-flow wp-block-column-is-layout-flow\" style=\"flex-basis:50%\">\n<figure class=\"wp-block-image alignleft size-large is-resized is-style-rounded is-style-rounded--1\"><img loading=\"lazy\" decoding=\"async\" width=\"683\" height=\"1024\" src=\"https:\/\/vacamuertagestion.com.ar\/wp-content\/uploads\/2024\/09\/Fabian-Ungar-min-683x1024.jpg\" alt=\"\" class=\"wp-image-252\" style=\"aspect-ratio:0.75;object-fit:cover;width:423px;height:auto\" srcset=\"https:\/\/vacamuertagestion.com.ar\/wp-content\/uploads\/2024\/09\/Fabian-Ungar-min-683x1024.jpg 683w, https:\/\/vacamuertagestion.com.ar\/wp-content\/uploads\/2024\/09\/Fabian-Ungar-min-200x300.jpg 200w, https:\/\/vacamuertagestion.com.ar\/wp-content\/uploads\/2024\/09\/Fabian-Ungar-min-768x1152.jpg 768w, https:\/\/vacamuertagestion.com.ar\/wp-content\/uploads\/2024\/09\/Fabian-Ungar-min-1024x1536.jpg 1024w, https:\/\/vacamuertagestion.com.ar\/wp-content\/uploads\/2024\/09\/Fabian-Ungar-min-1365x2048.jpg 1365w, https:\/\/vacamuertagestion.com.ar\/wp-content\/uploads\/2024\/09\/Fabian-Ungar-min-500x750.jpg 500w, https:\/\/vacamuertagestion.com.ar\/wp-content\/uploads\/2024\/09\/Fabian-Ungar-min-800x1200.jpg 800w, https:\/\/vacamuertagestion.com.ar\/wp-content\/uploads\/2024\/09\/Fabian-Ungar-min-1280x1920.jpg 1280w, https:\/\/vacamuertagestion.com.ar\/wp-content\/uploads\/2024\/09\/Fabian-Ungar-min-1920x2880.jpg 1920w, https:\/\/vacamuertagestion.com.ar\/wp-content\/uploads\/2024\/09\/Fabian-Ungar-min-scaled.jpg 1707w\" sizes=\"auto, (max-width: 683px) 100vw, 683px\" \/><\/figure>\n<\/div>\n<\/div>\n<\/div>\n\n\n\n<p><\/p>\n","protected":false},"excerpt":{"rendered":"<p>Vaca Muerta Gesti\u00f3n es una compa\u00f1\u00eda encabezada por Fabi\u00e1n Ungar. Es coordinador de Proyectos y Gesti\u00f3n de Desarrollo Urbano, con matr\u00edcula de Profesional local, respaldado por un equipo multidisciplinario de arquitectos, ingenieros, Maestro Mayor de Obras, Agrimensores y expertos en diversas \u00e1reas de la construcci\u00f3n. Juntos, brindamos un enfoque integral en la supervisi\u00f3n, asesoramiento y [&hellip;]<\/p>\n","protected":false},"author":1,"featured_media":0,"parent":0,"menu_order":0,"comment_status":"closed","ping_status":"closed","template":"","meta":{"footnotes":""},"class_list":["post-49","page","type-page","status-publish","hentry"],"yoast_head":"<!-- This site is optimized with the Yoast SEO plugin v23.3 - https:\/\/yoast.com\/wordpress\/plugins\/seo\/ -->\n<title>Somos el enlace local al mundo - Vaca Muerta Gesti\u00f3n<\/title>\n<meta name=\"robots\" content=\"index, follow, max-snippet:-1, max-image-preview:large, max-video-preview:-1\" \/>\n<link rel=\"canonical\" href=\"https:\/\/vacamuertagestion.com.ar\/?page_id=49\" \/>\n<meta property=\"og:locale\" content=\"es_ES\" \/>\n<meta property=\"og:type\" content=\"article\" \/>\n<meta property=\"og:title\" content=\"Somos el enlace local al mundo - Vaca Muerta Gesti\u00f3n\" \/>\n<meta property=\"og:description\" content=\"Vaca Muerta Gesti\u00f3n es una compa\u00f1\u00eda encabezada por Fabi\u00e1n Ungar. Es coordinador de Proyectos y Gesti\u00f3n de Desarrollo Urbano, con matr\u00edcula de Profesional local, respaldado por un equipo multidisciplinario de arquitectos, ingenieros, Maestro Mayor de Obras, Agrimensores y expertos en diversas \u00e1reas de la construcci\u00f3n. Juntos, brindamos un enfoque integral en la supervisi\u00f3n, asesoramiento y [&hellip;]\" \/>\n<meta property=\"og:url\" content=\"https:\/\/vacamuertagestion.com.ar\/?page_id=49\" \/>\n<meta property=\"og:site_name\" content=\"Vaca Muerta Gesti\u00f3n\" \/>\n<meta property=\"article:modified_time\" content=\"2024-09-25T23:40:25+00:00\" \/>\n<meta property=\"og:image\" content=\"https:\/\/vacamuertagestion.com.ar\/wp-content\/uploads\/2024\/09\/Fabian-Ungar-min-683x1024.jpg\" \/>\n<meta name=\"twitter:card\" content=\"summary_large_image\" \/>\n<meta name=\"twitter:label1\" content=\"Tiempo de lectura\" \/>\n\t<meta name=\"twitter:data1\" content=\"2 minutos\" \/>\n<script type=\"application\/ld+json\" class=\"yoast-schema-graph\">{\"@context\":\"https:\/\/schema.org\",\"@graph\":[{\"@type\":\"WebPage\",\"@id\":\"https:\/\/vacamuertagestion.com.ar\/?page_id=49\",\"url\":\"https:\/\/vacamuertagestion.com.ar\/?page_id=49\",\"name\":\"Somos el enlace local al mundo - Vaca Muerta Gesti\u00f3n\",\"isPartOf\":{\"@id\":\"https:\/\/vacamuertagestion.com.ar\/#website\"},\"primaryImageOfPage\":{\"@id\":\"https:\/\/vacamuertagestion.com.ar\/?page_id=49#primaryimage\"},\"image\":{\"@id\":\"https:\/\/vacamuertagestion.com.ar\/?page_id=49#primaryimage\"},\"thumbnailUrl\":\"https:\/\/vacamuertagestion.com.ar\/wp-content\/uploads\/2024\/09\/Fabian-Ungar-min-683x1024.jpg\",\"datePublished\":\"2024-09-11T23:00:15+00:00\",\"dateModified\":\"2024-09-25T23:40:25+00:00\",\"breadcrumb\":{\"@id\":\"https:\/\/vacamuertagestion.com.ar\/?page_id=49#breadcrumb\"},\"inLanguage\":\"es-AR\",\"potentialAction\":[{\"@type\":\"ReadAction\",\"target\":[\"https:\/\/vacamuertagestion.com.ar\/?page_id=49\"]}]},{\"@type\":\"ImageObject\",\"inLanguage\":\"es-AR\",\"@id\":\"https:\/\/vacamuertagestion.com.ar\/?page_id=49#primaryimage\",\"url\":\"https:\/\/vacamuertagestion.com.ar\/wp-content\/uploads\/2024\/09\/Fabian-Ungar-min-scaled.jpg\",\"contentUrl\":\"https:\/\/vacamuertagestion.com.ar\/wp-content\/uploads\/2024\/09\/Fabian-Ungar-min-scaled.jpg\",\"width\":1707,\"height\":2560},{\"@type\":\"BreadcrumbList\",\"@id\":\"https:\/\/vacamuertagestion.com.ar\/?page_id=49#breadcrumb\",\"itemListElement\":[{\"@type\":\"ListItem\",\"position\":1,\"name\":\"Inicio\",\"item\":\"https:\/\/vacamuertagestion.com.ar\/\"},{\"@type\":\"ListItem\",\"position\":2,\"name\":\"Somos el enlace local al mundo\"}]},{\"@type\":\"WebSite\",\"@id\":\"https:\/\/vacamuertagestion.com.ar\/#website\",\"url\":\"https:\/\/vacamuertagestion.com.ar\/\",\"name\":\"Vaca Muerta Gesti\u00f3n\",\"description\":\"\",\"publisher\":{\"@id\":\"https:\/\/vacamuertagestion.com.ar\/#organization\"},\"potentialAction\":[{\"@type\":\"SearchAction\",\"target\":{\"@type\":\"EntryPoint\",\"urlTemplate\":\"https:\/\/vacamuertagestion.com.ar\/?s={search_term_string}\"},\"query-input\":\"required name=search_term_string\"}],\"inLanguage\":\"es-AR\"},{\"@type\":\"Organization\",\"@id\":\"https:\/\/vacamuertagestion.com.ar\/#organization\",\"name\":\"Vaca Muerta Gesti\u00f3n\",\"url\":\"https:\/\/vacamuertagestion.com.ar\/\",\"logo\":{\"@type\":\"ImageObject\",\"inLanguage\":\"es-AR\",\"@id\":\"https:\/\/vacamuertagestion.com.ar\/#\/schema\/logo\/image\/\",\"url\":\"https:\/\/vacamuertagestion.com.ar\/wp-content\/uploads\/2024\/09\/VMG-isologo.png\",\"contentUrl\":\"https:\/\/vacamuertagestion.com.ar\/wp-content\/uploads\/2024\/09\/VMG-isologo.png\",\"width\":1218,\"height\":960,\"caption\":\"Vaca Muerta Gesti\u00f3n\"},\"image\":{\"@id\":\"https:\/\/vacamuertagestion.com.ar\/#\/schema\/logo\/image\/\"}}]}<\/script>\n<!-- \/ Yoast SEO plugin. -->","yoast_head_json":{"title":"Somos el enlace local al mundo - Vaca Muerta Gesti\u00f3n","robots":{"index":"index","follow":"follow","max-snippet":"max-snippet:-1","max-image-preview":"max-image-preview:large","max-video-preview":"max-video-preview:-1"},"canonical":"https:\/\/vacamuertagestion.com.ar\/?page_id=49","og_locale":"es_ES","og_type":"article","og_title":"Somos el enlace local al mundo - Vaca Muerta Gesti\u00f3n","og_description":"Vaca Muerta Gesti\u00f3n es una compa\u00f1\u00eda encabezada por Fabi\u00e1n Ungar. Es coordinador de Proyectos y Gesti\u00f3n de Desarrollo Urbano, con matr\u00edcula de Profesional local, respaldado por un equipo multidisciplinario de arquitectos, ingenieros, Maestro Mayor de Obras, Agrimensores y expertos en diversas \u00e1reas de la construcci\u00f3n. Juntos, brindamos un enfoque integral en la supervisi\u00f3n, asesoramiento y [&hellip;]","og_url":"https:\/\/vacamuertagestion.com.ar\/?page_id=49","og_site_name":"Vaca Muerta Gesti\u00f3n","article_modified_time":"2024-09-25T23:40:25+00:00","og_image":[{"url":"https:\/\/vacamuertagestion.com.ar\/wp-content\/uploads\/2024\/09\/Fabian-Ungar-min-683x1024.jpg"}],"twitter_card":"summary_large_image","twitter_misc":{"Tiempo de lectura":"2 minutos"},"schema":{"@context":"https:\/\/schema.org","@graph":[{"@type":"WebPage","@id":"https:\/\/vacamuertagestion.com.ar\/?page_id=49","url":"https:\/\/vacamuertagestion.com.ar\/?page_id=49","name":"Somos el enlace local al mundo - Vaca Muerta Gesti\u00f3n","isPartOf":{"@id":"https:\/\/vacamuertagestion.com.ar\/#website"},"primaryImageOfPage":{"@id":"https:\/\/vacamuertagestion.com.ar\/?page_id=49#primaryimage"},"image":{"@id":"https:\/\/vacamuertagestion.com.ar\/?page_id=49#primaryimage"},"thumbnailUrl":"https:\/\/vacamuertagestion.com.ar\/wp-content\/uploads\/2024\/09\/Fabian-Ungar-min-683x1024.jpg","datePublished":"2024-09-11T23:00:15+00:00","dateModified":"2024-09-25T23:40:25+00:00","breadcrumb":{"@id":"https:\/\/vacamuertagestion.com.ar\/?page_id=49#breadcrumb"},"inLanguage":"es-AR","potentialAction":[{"@type":"ReadAction","target":["https:\/\/vacamuertagestion.com.ar\/?page_id=49"]}]},{"@type":"ImageObject","inLanguage":"es-AR","@id":"https:\/\/vacamuertagestion.com.ar\/?page_id=49#primaryimage","url":"https:\/\/vacamuertagestion.com.ar\/wp-content\/uploads\/2024\/09\/Fabian-Ungar-min-scaled.jpg","contentUrl":"https:\/\/vacamuertagestion.com.ar\/wp-content\/uploads\/2024\/09\/Fabian-Ungar-min-scaled.jpg","width":1707,"height":2560},{"@type":"BreadcrumbList","@id":"https:\/\/vacamuertagestion.com.ar\/?page_id=49#breadcrumb","itemListElement":[{"@type":"ListItem","position":1,"name":"Inicio","item":"https:\/\/vacamuertagestion.com.ar\/"},{"@type":"ListItem","position":2,"name":"Somos el enlace local al mundo"}]},{"@type":"WebSite","@id":"https:\/\/vacamuertagestion.com.ar\/#website","url":"https:\/\/vacamuertagestion.com.ar\/","name":"Vaca Muerta Gesti\u00f3n","description":"","publisher":{"@id":"https:\/\/vacamuertagestion.com.ar\/#organization"},"potentialAction":[{"@type":"SearchAction","target":{"@type":"EntryPoint","urlTemplate":"https:\/\/vacamuertagestion.com.ar\/?s={search_term_string}"},"query-input":"required name=search_term_string"}],"inLanguage":"es-AR"},{"@type":"Organization","@id":"https:\/\/vacamuertagestion.com.ar\/#organization","name":"Vaca Muerta Gesti\u00f3n","url":"https:\/\/vacamuertagestion.com.ar\/","logo":{"@type":"ImageObject","inLanguage":"es-AR","@id":"https:\/\/vacamuertagestion.com.ar\/#\/schema\/logo\/image\/","url":"https:\/\/vacamuertagestion.com.ar\/wp-content\/uploads\/2024\/09\/VMG-isologo.png","contentUrl":"https:\/\/vacamuertagestion.com.ar\/wp-content\/uploads\/2024\/09\/VMG-isologo.png","width":1218,"height":960,"caption":"Vaca Muerta Gesti\u00f3n"},"image":{"@id":"https:\/\/vacamuertagestion.com.ar\/#\/schema\/logo\/image\/"}}]}},"_links":{"self":[{"href":"https:\/\/vacamuertagestion.com.ar\/index.php?rest_route=\/wp\/v2\/pages\/49","targetHints":{"allow":["GET"]}}],"collection":[{"href":"https:\/\/vacamuertagestion.com.ar\/index.php?rest_route=\/wp\/v2\/pages"}],"about":[{"href":"https:\/\/vacamuertagestion.com.ar\/index.php?rest_route=\/wp\/v2\/types\/page"}],"author":[{"embeddable":true,"href":"https:\/\/vacamuertagestion.com.ar\/index.php?rest_route=\/wp\/v2\/users\/1"}],"replies":[{"embeddable":true,"href":"https:\/\/vacamuertagestion.com.ar\/index.php?rest_route=%2Fwp%2Fv2%2Fcomments&post=49"}],"version-history":[{"count":8,"href":"https:\/\/vacamuertagestion.com.ar\/index.php?rest_route=\/wp\/v2\/pages\/49\/revisions"}],"predecessor-version":[{"id":253,"href":"https:\/\/vacamuertagestion.com.ar\/index.php?rest_route=\/wp\/v2\/pages\/49\/revisions\/253"}],"wp:attachment":[{"href":"https:\/\/vacamuertagestion.com.ar\/index.php?rest_route=%2Fwp%2Fv2%2Fmedia&parent=49"}],"curies":[{"name":"wp","href":"https:\/\/api.w.org\/{rel}","templated":true}]}}